{"id":38882,"date":"2026-01-14T01:02:01","date_gmt":"2026-01-14T01:02:01","guid":{"rendered":"https:\/\/shazmlc.com\/inteligencia-artificial-para-consultoria-e-investigacion\/"},"modified":"2026-02-10T00:37:10","modified_gmt":"2026-02-10T00:37:10","slug":"inteligencia-artificial-para-consultoria-e-investigacion","status":"publish","type":"page","link":"https:\/\/shazmlc.com\/es\/inteligencia-artificial-para-consultoria-e-investigacion\/","title":{"rendered":"Inteligencia Artificial para Consultor\u00eda e Investigaci\u00f3n"},"content":{"rendered":"\t\t<div data-elementor-type=\"wp-page\" data-elementor-id=\"38882\" class=\"elementor elementor-38882 elementor-24440\" data-elementor-post-type=\"page\">\n\t\t\t\t<div class=\"elementor-element elementor-element-bd7f4e1 e-con-full e-flex e-con e-parent\" data-id=\"bd7f4e1\" data-element_type=\"container\" data-e-type=\"container\" data-settings=\"{&quot;background_background&quot;:&quot;classic&quot;}\">\n\t\t\t\t<div class=\"elementor-element elementor-element-9810dbf elementor-widget__width-initial animated-slow elementor-invisible elementor-widget elementor-widget-heading\" data-id=\"9810dbf\" data-element_type=\"widget\" data-e-type=\"widget\" data-settings=\"{&quot;_animation&quot;:&quot;fadeIn&quot;}\" data-widget_type=\"heading.default\">\n\t\t\t\t\t<h2 class=\"elementor-heading-title elementor-size-default\">Esta secci\u00f3n est\u00e1 en construcci\u00f3n \n<br> \n\u2014 lista durante mayo.<\/h2>\t\t\t\t<\/div>\n\t\t\t\t<\/div>\n\t\t\t\t<\/div>\n\t\t","protected":false},"excerpt":{"rendered":"<p>Esta secci\u00f3n est\u00e1 en construcci\u00f3n \u2014 lista durante mayo.<\/p>\n","protected":false},"author":7,"featured_media":0,"parent":0,"menu_order":0,"comment_status":"closed","ping_status":"closed","template":"","meta":{"footnotes":""},"class_list":["post-38882","page","type-page","status-publish","hentry"],"_links":{"self":[{"href":"https:\/\/shazmlc.com\/es\/wp-json\/wp\/v2\/pages\/38882","targetHints":{"allow":["GET"]}}],"collection":[{"href":"https:\/\/shazmlc.com\/es\/wp-json\/wp\/v2\/pages"}],"about":[{"href":"https:\/\/shazmlc.com\/es\/wp-json\/wp\/v2\/types\/page"}],"author":[{"embeddable":true,"href":"https:\/\/shazmlc.com\/es\/wp-json\/wp\/v2\/users\/7"}],"replies":[{"embeddable":true,"href":"https:\/\/shazmlc.com\/es\/wp-json\/wp\/v2\/comments?post=38882"}],"version-history":[{"count":2,"href":"https:\/\/shazmlc.com\/es\/wp-json\/wp\/v2\/pages\/38882\/revisions"}],"predecessor-version":[{"id":38887,"href":"https:\/\/shazmlc.com\/es\/wp-json\/wp\/v2\/pages\/38882\/revisions\/38887"}],"wp:attachment":[{"href":"https:\/\/shazmlc.com\/es\/wp-json\/wp\/v2\/media?parent=38882"}],"curies":[{"name":"wp","href":"https:\/\/api.w.org\/{rel}","templated":true}]}}