{"id":12013,"date":"2025-11-18T05:27:37","date_gmt":"2025-11-18T05:27:37","guid":{"rendered":"https:\/\/shazmlc.com\/politique-de-confidentialite\/"},"modified":"2026-01-25T17:46:59","modified_gmt":"2026-01-25T17:46:59","slug":"politique-de-confidentialite","status":"publish","type":"page","link":"https:\/\/shazmlc.com\/fr\/politique-de-confidentialite\/","title":{"rendered":"Politique de confidentialit\u00e9"},"content":{"rendered":"\t\t<div data-elementor-type=\"wp-page\" data-elementor-id=\"12013\" class=\"elementor elementor-12013 elementor-71\" data-elementor-post-type=\"page\">\n\t\t\t\t<div class=\"elementor-element elementor-element-32173afd e-flex e-con-boxed e-con e-parent\" data-id=\"32173afd\" data-element_type=\"container\" data-e-type=\"container\">\n\t\t\t\t\t<div class=\"e-con-inner\">\n\t\t\t\t<div class=\"elementor-element elementor-element-5ebf0b62 elementor-widget elementor-widget-text-editor\" data-id=\"5ebf0b62\" data-element_type=\"widget\" data-e-type=\"widget\" data-widget_type=\"text-editor.default\">\n\t\t\t\t\t\t\t\t\t<h2 class=\"wp-block-heading\">Qui sommes-nous&nbsp;?<\/h2><p><strong class=\"privacy-policy-tutorial\">Texte sugg\u00e9r\u00e9&nbsp;:<\/strong> L\u2019adresse de notre site web est&nbsp;: https:\/\/shazmlc.com.<\/p><h2 class=\"wp-block-heading\">Commentaires<\/h2><p><strong class=\"privacy-policy-tutorial\">Texte sugg\u00e9r\u00e9&nbsp;:<\/strong> Lorsque les visiteurs laissent des commentaires sur le site, nous recueillons les donn\u00e9es indiqu\u00e9es dans le formulaire de commentaires, ainsi que l\u2019adresse IP du visiteur et la cha\u00eene de l\u2019agent utilisateur du navigateur afin de faciliter la d\u00e9tection des spams.<\/p><p>Une cha\u00eene anonymis\u00e9e cr\u00e9\u00e9e \u00e0 partir de votre adresse e-mail (\u00e9galement appel\u00e9e hachage) peut \u00eatre fournie au service Gravatar pour v\u00e9rifier si vous l\u2019utilisez. La politique de confidentialit\u00e9 du service Gravatar est disponible ici&nbsp;: https:\/\/automattic.com\/privacy\/. Apr\u00e8s approbation de votre commentaire, votre photo de profil est visible par le public dans le contexte de votre commentaire. <\/p><h2 class=\"wp-block-heading\">M\u00e9dias<\/h2><p><strong class=\"privacy-policy-tutorial\">Texte sugg\u00e9r\u00e9&nbsp;:<\/strong> Si vous t\u00e9l\u00e9versez des images sur le site web, vous devriez \u00e9viter de t\u00e9l\u00e9verser des images contenant des donn\u00e9es de localisation int\u00e9gr\u00e9es (EXIF GPS). Les visiteurs du site web peuvent t\u00e9l\u00e9charger et extraire toutes les donn\u00e9es de localisation des images pr\u00e9sentes sur le site web. <\/p><h2 class=\"wp-block-heading\">Cookies<\/h2><p><strong class=\"privacy-policy-tutorial\">Texte sugg\u00e9r\u00e9&nbsp;:<\/strong> Si vous laissez un commentaire sur notre site, vous pouvez choisir d\u2019enregistrer votre nom, votre adresse e-mail et votre site web dans des cookies. Ces mesures sont prises pour votre commodit\u00e9 afin que vous n\u2019ayez pas \u00e0 saisir \u00e0 nouveau vos coordonn\u00e9es lorsque vous laissez un autre commentaire. Ces cookies dureront un an.  <\/p><p>Si vous visitez notre page de connexion, nous installerons un cookie temporaire pour d\u00e9terminer si votre navigateur accepte les cookies. Ce cookie ne contient aucune donn\u00e9e personnelle et est supprim\u00e9 lorsque vous fermez votre navigateur. <\/p><p>Lorsque vous vous connecterez, nous installerons \u00e9galement plusieurs cookies pour enregistrer vos informations de connexion et vos choix d\u2019affichage \u00e0 l\u2019\u00e9cran. Les cookies de connexion durent deux jours et les cookies d\u2019options d\u2019\u00e9cran durent un an. Si vous s\u00e9lectionnez \u00ab&nbsp;Se souvenir de moi&nbsp;\u00bb, votre connexion sera maintenue pendant deux semaines. Si vous vous d\u00e9connectez de votre compte, les cookies de connexion seront supprim\u00e9s.   <\/p><p>Si vous modifiez ou publiez un article, un cookie suppl\u00e9mentaire sera enregistr\u00e9 dans votre navigateur. Ce cookie ne comprend aucune donn\u00e9e personnelle et indique simplement l\u2019ID de publication de l\u2019article que vous venez de modifier. Il expire apr\u00e8s 1 jour.  <\/p><h2 class=\"wp-block-heading\">Contenu int\u00e9gr\u00e9 provenant d\u2019autres sites web<\/h2><p><strong class=\"privacy-policy-tutorial\">Texte sugg\u00e9r\u00e9&nbsp;:<\/strong> Les articles sur ce site peuvent inclure du contenu int\u00e9gr\u00e9 (par exemple, des vid\u00e9os, des images, des articles, etc.). Le contenu int\u00e9gr\u00e9 provenant d\u2019autres sites web se comporte exactement de la m\u00eame mani\u00e8re que si le visiteur avait visit\u00e9 l\u2019autre site web. <\/p><p>Ces sites web peuvent recueillir des donn\u00e9es \u00e0 votre sujet, utiliser des cookies, int\u00e9grer un suivi suppl\u00e9mentaire de tiers et surveiller votre interaction avec ce contenu int\u00e9gr\u00e9, notamment en suivant votre interaction avec le contenu int\u00e9gr\u00e9 si vous avez un compte et \u00eates connect\u00e9 \u00e0 ce site web.<\/p><h2 class=\"wp-block-heading\">Avec qui nous partageons vos donn\u00e9es<\/h2><p><strong class=\"privacy-policy-tutorial\">Texte sugg\u00e9r\u00e9&nbsp;:<\/strong> Si vous demandez une r\u00e9initialisation du mot de passe, votre adresse IP sera incluse dans l\u2019e-mail de r\u00e9initialisation.<\/p><h2 class=\"wp-block-heading\">Combien de temps conservons-nous vos donn\u00e9es<\/h2><p><strong class=\"privacy-policy-tutorial\">Texte sugg\u00e9r\u00e9&nbsp;:<\/strong> Si vous laissez un commentaire, le commentaire et ses m\u00e9tadonn\u00e9es sont conserv\u00e9s ind\u00e9finiment. Cela nous permet de reconna\u00eetre et d\u2019approuver automatiquement tous les commentaires de suivi au lieu de les conserver dans une file d\u2019attente de mod\u00e9ration. <\/p><p>Pour les utilisateurs qui s\u2019inscrivent sur notre site web (le cas \u00e9ch\u00e9ant), nous stockons \u00e9galement les renseignements personnels qu\u2019ils fournissent dans leur profil d\u2019utilisateur. Tous les utilisateurs peuvent consulter, modifier ou supprimer leurs renseignements personnels \u00e0 tout moment (sauf qu\u2019ils ne peuvent pas modifier leur nom d\u2019utilisateur). Les administrateurs du site web peuvent \u00e9galement consulter et modifier ces renseignements.  <\/p><h2 class=\"wp-block-heading\">Quels droits avez-vous sur vos donn\u00e9es<\/h2><p><strong class=\"privacy-policy-tutorial\">Texte sugg\u00e9r\u00e9&nbsp;:<\/strong> Si vous avez un compte sur ce site, ou si vous avez laiss\u00e9 des commentaires, vous pouvez demander \u00e0 recevoir un fichier export\u00e9 des donn\u00e9es personnelles que nous d\u00e9tenons \u00e0 votre sujet, y compris toutes les donn\u00e9es que vous nous avez fournies. Vous pouvez \u00e9galement demander que nous effacions toutes les donn\u00e9es personnelles que nous d\u00e9tenons \u00e0 votre sujet. Cela ne comprend pas les donn\u00e9es que nous sommes oblig\u00e9s de conserver \u00e0 des fins administratives, juridiques ou de s\u00e9curit\u00e9.  <\/p><h2 class=\"wp-block-heading\">O\u00f9 vos donn\u00e9es sont-elles envoy\u00e9es<\/h2><p><strong class=\"privacy-policy-tutorial\">Texte sugg\u00e9r\u00e9&nbsp;:<\/strong> Les commentaires des visiteurs peuvent \u00eatre v\u00e9rifi\u00e9s par le biais d\u2019un service automatis\u00e9 de d\u00e9tection des spams.<\/p><p> <\/p><h2>Demande de suppression des donn\u00e9es personnelles<\/h2><div>Les utilisateurs ont le droit de demander la suppression de leurs donn\u00e9es personnelles stock\u00e9es chez nous \u00e0 tout moment.<\/div><div>\u2022 Pour demander la suppression des donn\u00e9es, l\u2019utilisateur doit envoyer un e-mail officiel \u00e0&nbsp;:<\/div><div>ai@shazmlc.com<\/div><div>\u2022 L\u2019e-mail doit inclure toutes les donn\u00e9es d\u2019utilisateur enregistr\u00e9es et contenir clairement le hashtag suivant dans la ligne d\u2019objet ou le corps de l\u2019e-mail&nbsp;:<\/div><div>#delete<\/div><div>\u2022 Si aucune r\u00e9ponse n\u2019est re\u00e7ue dans un d\u00e9lai de trois (3) jours ouvrables, l\u2019utilisateur peut soumettre la m\u00eame demande de suppression via WhatsApp, en utilisant le m\u00eame hashtag&nbsp;:<\/div><div>#delete<\/div><div>\u2022 Toutes les demandes de suppression de donn\u00e9es seront trait\u00e9es conform\u00e9ment aux lois et r\u00e9glementations applicables, et une confirmation sera fournie une fois la demande termin\u00e9e.<\/div>\t\t\t\t\t\t\t\t<\/div>\n\t\t\t\t\t<\/div>\n\t\t\t\t<\/div>\n\t\t\t\t<\/div>\n\t\t","protected":false},"excerpt":{"rendered":"<p>Qui sommes-nous&nbsp;? Texte sugg\u00e9r\u00e9&nbsp;: L\u2019adresse de notre site web est&nbsp;: https:\/\/shazmlc.com. Commentaires Texte sugg\u00e9r\u00e9&nbsp;: Lorsque les visiteurs laissent des commentaires sur le site, nous recueillons les donn\u00e9es indiqu\u00e9es dans le formulaire de commentaires, ainsi que l\u2019adresse IP du visiteur et la cha\u00eene de l\u2019agent utilisateur du navigateur afin de faciliter la d\u00e9tection des spams. Une [&hellip;]<\/p>\n","protected":false},"author":2,"featured_media":0,"parent":0,"menu_order":0,"comment_status":"closed","ping_status":"closed","template":"","meta":{"footnotes":""},"class_list":["post-12013","page","type-page","status-publish","hentry"],"_links":{"self":[{"href":"https:\/\/shazmlc.com\/fr\/wp-json\/wp\/v2\/pages\/12013","targetHints":{"allow":["GET"]}}],"collection":[{"href":"https:\/\/shazmlc.com\/fr\/wp-json\/wp\/v2\/pages"}],"about":[{"href":"https:\/\/shazmlc.com\/fr\/wp-json\/wp\/v2\/types\/page"}],"author":[{"embeddable":true,"href":"https:\/\/shazmlc.com\/fr\/wp-json\/wp\/v2\/users\/2"}],"replies":[{"embeddable":true,"href":"https:\/\/shazmlc.com\/fr\/wp-json\/wp\/v2\/comments?post=12013"}],"version-history":[{"count":0,"href":"https:\/\/shazmlc.com\/fr\/wp-json\/wp\/v2\/pages\/12013\/revisions"}],"wp:attachment":[{"href":"https:\/\/shazmlc.com\/fr\/wp-json\/wp\/v2\/media?parent=12013"}],"curies":[{"name":"wp","href":"https:\/\/api.w.org\/{rel}","templated":true}]}}