{"id":41833,"date":"2025-11-18T05:27:37","date_gmt":"2025-11-18T05:27:37","guid":{"rendered":"https:\/\/shazmlc.com\/politica-de-privacidade\/"},"modified":"2026-02-13T18:18:39","modified_gmt":"2026-02-13T18:18:39","slug":"politica-de-privacidade","status":"publish","type":"page","link":"https:\/\/shazmlc.com\/pt-pt\/politica-de-privacidade\/","title":{"rendered":"Pol\u00edtica de privacidade"},"content":{"rendered":"\t\t<div data-elementor-type=\"wp-page\" data-elementor-id=\"41833\" class=\"elementor elementor-41833 elementor-71\" data-elementor-post-type=\"page\">\n\t\t\t\t<div class=\"elementor-element elementor-element-32173afd e-flex e-con-boxed e-con e-parent\" data-id=\"32173afd\" data-element_type=\"container\" data-e-type=\"container\">\n\t\t\t\t\t<div class=\"e-con-inner\">\n\t\t\t\t<div class=\"elementor-element elementor-element-5ebf0b62 elementor-widget elementor-widget-text-editor\" data-id=\"5ebf0b62\" data-element_type=\"widget\" data-e-type=\"widget\" data-widget_type=\"text-editor.default\">\n\t\t\t\t\t\t\t\t\t<h2 class=\"wp-block-heading\">Sobre n\u00f3s<\/h2><p><strong class=\"privacy-policy-tutorial\">Texto sugerido: <\/strong>O endere\u00e7o do nosso s\u00edtio Web \u00e9: https:\/\/shazmlc.com.<\/p><h2 class=\"wp-block-heading\">Coment\u00e1rios<\/h2><p><strong class=\"privacy-policy-tutorial\">Texto sugerido: <\/strong>Quando os visitantes deixam coment\u00e1rios no s\u00edtio, recolhemos os dados apresentados no formul\u00e1rio de coment\u00e1rios, bem como o endere\u00e7o IP do visitante e a cadeia do agente do utilizador do navegador para ajudar na dete\u00e7\u00e3o de spam.<\/p><p>Uma cadeia an\u00f3nima criada a partir do seu endere\u00e7o de e-mail (tamb\u00e9m chamada de hash) pode ser enviada para o servi\u00e7o Gravatar para verificar se o est\u00e1 a utilizar. A pol\u00edtica de privacidade do servi\u00e7o Gravatar est\u00e1 dispon\u00edvel aqui: https:\/\/automattic.com\/privacy\/. Ap\u00f3s a aprova\u00e7\u00e3o do seu coment\u00e1rio, a fotografia do seu perfil fica vis\u00edvel para o p\u00fablico no contexto do seu coment\u00e1rio.  <\/p><h2 class=\"wp-block-heading\">Multim\u00e9dia<\/h2><p><strong class=\"privacy-policy-tutorial\">Texto sugerido: <\/strong>Se carregar imagens para o s\u00edtio Web, deve evitar carregar imagens que contenham dados de localiza\u00e7\u00e3o incorporados (GPS EXIF). Os visitantes podem descarregar e extrair quaisquer dados de localiza\u00e7\u00e3o das imagens no s\u00edtio.  <\/p><h2 class=\"wp-block-heading\">Cookies<\/h2><p><strong class=\"privacy-policy-tutorial\">Texto sugerido: <\/strong>Se deixar um coment\u00e1rio no nosso s\u00edtio, pode optar por guardar o seu nome, endere\u00e7o de e-mail e s\u00edtio Web nos cookies. Isto serve para sua conveni\u00eancia, para que n\u00e3o tenha de preencher os seus dados novamente quando deixar outro coment\u00e1rio. Estes cookies durar\u00e3o um ano.   <\/p><p>Se visitar a nossa p\u00e1gina de in\u00edcio de sess\u00e3o, definiremos um cookie tempor\u00e1rio para determinar se o seu navegador aceita cookies. Este cookie n\u00e3o cont\u00e9m dados pessoais e \u00e9 eliminado quando fecha o navegador.  <\/p><p>Quando inicia sess\u00e3o, tamb\u00e9m configuramos v\u00e1rios cookies para guardar as suas informa\u00e7\u00f5es de in\u00edcio de sess\u00e3o e as suas op\u00e7\u00f5es de visualiza\u00e7\u00e3o de ecr\u00e3. Os cookies de in\u00edcio de sess\u00e3o duram dois dias e os cookies de op\u00e7\u00f5es de ecr\u00e3 duram um ano. Se selecionar \u201cLembrar-me\u201d, o seu in\u00edcio de sess\u00e3o persistir\u00e1 durante duas semanas. Se terminar a sess\u00e3o na sua conta, os cookies de in\u00edcio de sess\u00e3o ser\u00e3o removidos.    <\/p><p>Se editar ou publicar um artigo, um cookie adicional ser\u00e1 guardado no seu navegador. Este cookie n\u00e3o cont\u00e9m dados pessoais e indica simplesmente o ID do artigo que acabou de editar. Expira ap\u00f3s um dia.   <\/p><h2 class=\"wp-block-heading\">Conte\u00fado incorporado de outros s\u00edtios Web<\/h2><p><strong class=\"privacy-policy-tutorial\">Texto sugerido: <\/strong>Os artigos neste s\u00edtio podem incluir conte\u00fado incorporado (por exemplo, v\u00eddeos, imagens, artigos, etc.). O conte\u00fado incorporado de outros s\u00edtios Web comporta-se exatamente da mesma forma como se o visitante tivesse visitado o outro s\u00edtio Web.  <\/p><p>Estes s\u00edtios podem recolher dados sobre si, utilizar cookies, incorporar rastreio adicional de terceiros e monitorizar a sua intera\u00e7\u00e3o com esse conte\u00fado incorporado, incluindo o rastreio da sua intera\u00e7\u00e3o com o conte\u00fado incorporado se tiver uma conta e estiver ligado a esse s\u00edtio Web.<\/p><h2 class=\"wp-block-heading\">Com quem partilhamos os seus dados<\/h2><p><strong class=\"privacy-policy-tutorial\">Texto sugerido: <\/strong>Se solicitar uma redefini\u00e7\u00e3o de palavra-passe, o seu endere\u00e7o IP ser\u00e1 inclu\u00eddo no e-mail de redefini\u00e7\u00e3o.<\/p><h2 class=\"wp-block-heading\">Durante quanto tempo retemos os seus dados<\/h2><p><strong class=\"privacy-policy-tutorial\">Texto sugerido: <\/strong>Se deixar um coment\u00e1rio, o coment\u00e1rio e os seus metadados s\u00e3o retidos indefinidamente. Isto acontece para que possamos reconhecer e aprovar automaticamente quaisquer coment\u00e1rios de acompanhamento, em vez de os manter numa fila de modera\u00e7\u00e3o.  <\/p><p>Para utilizadores que se registam no nosso s\u00edtio Web (se existirem), tamb\u00e9m guardamos as informa\u00e7\u00f5es pessoais que fornecem no seu perfil de utilizador. Todos os utilizadores podem ver, editar ou eliminar as suas informa\u00e7\u00f5es pessoais a qualquer momento (exceto o nome de utilizador, que n\u00e3o podem alterar). Os administradores do s\u00edtio Web tamb\u00e9m podem ver e editar essas informa\u00e7\u00f5es.   <\/p><h2 class=\"wp-block-heading\">Que direitos tem sobre os seus dados<\/h2><p><strong class=\"privacy-policy-tutorial\">Texto sugerido: <\/strong>Se tiver uma conta neste s\u00edtio, ou se tiver deixado coment\u00e1rios, pode solicitar a rece\u00e7\u00e3o de um ficheiro exportado dos dados pessoais que detemos sobre si, incluindo quaisquer dados que nos tenha fornecido. Tamb\u00e9m pode solicitar que eliminemos quaisquer dados pessoais que detenhos sobre si. Isto n\u00e3o inclui quaisquer dados que sejamos obrigados a manter para fins administrativos, legais ou de seguran\u00e7a.   <\/p><h2 class=\"wp-block-heading\">Para onde s\u00e3o enviados os seus dados<\/h2><p><strong class=\"privacy-policy-tutorial\">Texto sugerido: <\/strong>Os coment\u00e1rios dos visitantes podem ser verificados atrav\u00e9s de um servi\u00e7o autom\u00e1tico de dete\u00e7\u00e3o de spam.<\/p><p> <\/p><h2>Pedido de elimina\u00e7\u00e3o de dados pessoais<\/h2><div>Os utilizadores t\u00eam o direito de solicitar a elimina\u00e7\u00e3o dos seus dados pessoais armazenados connosco a qualquer momento.<\/div><div>\u2022 Para solicitar a elimina\u00e7\u00e3o de dados, o utilizador deve enviar um e-mail formal para:<\/div><div>ai@shazmlc.com<\/div><div>\u2022 O e-mail deve incluir todos os dados de utilizador registados e conter claramente a seguinte hashtag na linha de assunto ou no corpo do e-mail:<\/div><div>#delete<\/div><div>\u2022 Se n\u00e3o for recebida uma resposta no prazo de tr\u00eas (3) dias \u00fateis, o utilizador pode submeter o mesmo pedido de elimina\u00e7\u00e3o atrav\u00e9s do WhatsApp, utilizando a mesma hashtag:<\/div><div>#delete<\/div><div>\u2022 Todos os pedidos de elimina\u00e7\u00e3o de dados ser\u00e3o processados de acordo com as leis e regulamentos aplic\u00e1veis, e ser\u00e1 fornecida uma confirma\u00e7\u00e3o assim que o pedido for conclu\u00eddo.<\/div>\t\t\t\t\t\t\t\t<\/div>\n\t\t\t\t\t<\/div>\n\t\t\t\t<\/div>\n\t\t\t\t<\/div>\n\t\t","protected":false},"excerpt":{"rendered":"<p>Sobre n\u00f3s Texto sugerido: O endere\u00e7o do nosso s\u00edtio Web \u00e9: https:\/\/shazmlc.com. Coment\u00e1rios Texto sugerido: Quando os visitantes deixam coment\u00e1rios no s\u00edtio, recolhemos os dados apresentados no formul\u00e1rio de coment\u00e1rios, bem como o endere\u00e7o IP do visitante e a cadeia do agente do utilizador do navegador para ajudar na dete\u00e7\u00e3o de spam. Uma cadeia an\u00f3nima [&hellip;]<\/p>\n","protected":false},"author":2,"featured_media":0,"parent":0,"menu_order":0,"comment_status":"closed","ping_status":"closed","template":"","meta":{"footnotes":""},"class_list":["post-41833","page","type-page","status-publish","hentry"],"_links":{"self":[{"href":"https:\/\/shazmlc.com\/pt-pt\/wp-json\/wp\/v2\/pages\/41833","targetHints":{"allow":["GET"]}}],"collection":[{"href":"https:\/\/shazmlc.com\/pt-pt\/wp-json\/wp\/v2\/pages"}],"about":[{"href":"https:\/\/shazmlc.com\/pt-pt\/wp-json\/wp\/v2\/types\/page"}],"author":[{"embeddable":true,"href":"https:\/\/shazmlc.com\/pt-pt\/wp-json\/wp\/v2\/users\/2"}],"replies":[{"embeddable":true,"href":"https:\/\/shazmlc.com\/pt-pt\/wp-json\/wp\/v2\/comments?post=41833"}],"version-history":[{"count":2,"href":"https:\/\/shazmlc.com\/pt-pt\/wp-json\/wp\/v2\/pages\/41833\/revisions"}],"predecessor-version":[{"id":41835,"href":"https:\/\/shazmlc.com\/pt-pt\/wp-json\/wp\/v2\/pages\/41833\/revisions\/41835"}],"wp:attachment":[{"href":"https:\/\/shazmlc.com\/pt-pt\/wp-json\/wp\/v2\/media?parent=41833"}],"curies":[{"name":"wp","href":"https:\/\/api.w.org\/{rel}","templated":true}]}}