{"id":41841,"date":"2026-01-14T01:02:01","date_gmt":"2026-01-14T01:02:01","guid":{"rendered":"https:\/\/shazmlc.com\/inteligencia-artificial-para-consultoria-e-investigacao\/"},"modified":"2026-02-16T21:14:40","modified_gmt":"2026-02-16T21:14:40","slug":"inteligencia-artificial-para-consultoria-e-investigacao","status":"publish","type":"page","link":"https:\/\/shazmlc.com\/pt-pt\/inteligencia-artificial-para-consultoria-e-investigacao\/","title":{"rendered":"Intelig\u00eancia Artificial para Consultoria e Investiga\u00e7\u00e3o"},"content":{"rendered":"\t\t<div data-elementor-type=\"wp-page\" data-elementor-id=\"41841\" class=\"elementor elementor-41841 elementor-24440\" data-elementor-post-type=\"page\">\n\t\t\t\t<div class=\"elementor-element elementor-element-bd7f4e1 e-con-full e-flex e-con e-parent\" data-id=\"bd7f4e1\" data-element_type=\"container\" data-e-type=\"container\" data-settings=\"{&quot;background_background&quot;:&quot;classic&quot;}\">\n\t\t\t\t<div class=\"elementor-element elementor-element-9810dbf elementor-widget__width-initial animated-slow elementor-invisible elementor-widget elementor-widget-heading\" data-id=\"9810dbf\" data-element_type=\"widget\" data-e-type=\"widget\" data-settings=\"{&quot;_animation&quot;:&quot;fadeIn&quot;}\" data-widget_type=\"heading.default\">\n\t\t\t\t\t<h2 class=\"elementor-heading-title elementor-size-default\">Esta sec\u00e7\u00e3o est\u00e1 em constru\u00e7\u00e3o \n<br> \n\u2014 Pronta em maio.<\/h2>\t\t\t\t<\/div>\n\t\t\t\t<\/div>\n\t\t\t\t<\/div>\n\t\t","protected":false},"excerpt":{"rendered":"<p>Esta sec\u00e7\u00e3o est\u00e1 em constru\u00e7\u00e3o \u2014 Pronta em maio.<\/p>\n","protected":false},"author":7,"featured_media":0,"parent":0,"menu_order":0,"comment_status":"closed","ping_status":"closed","template":"","meta":{"footnotes":""},"class_list":["post-41841","page","type-page","status-publish","hentry"],"_links":{"self":[{"href":"https:\/\/shazmlc.com\/pt-pt\/wp-json\/wp\/v2\/pages\/41841","targetHints":{"allow":["GET"]}}],"collection":[{"href":"https:\/\/shazmlc.com\/pt-pt\/wp-json\/wp\/v2\/pages"}],"about":[{"href":"https:\/\/shazmlc.com\/pt-pt\/wp-json\/wp\/v2\/types\/page"}],"author":[{"embeddable":true,"href":"https:\/\/shazmlc.com\/pt-pt\/wp-json\/wp\/v2\/users\/7"}],"replies":[{"embeddable":true,"href":"https:\/\/shazmlc.com\/pt-pt\/wp-json\/wp\/v2\/comments?post=41841"}],"version-history":[{"count":0,"href":"https:\/\/shazmlc.com\/pt-pt\/wp-json\/wp\/v2\/pages\/41841\/revisions"}],"wp:attachment":[{"href":"https:\/\/shazmlc.com\/pt-pt\/wp-json\/wp\/v2\/media?parent=41841"}],"curies":[{"name":"wp","href":"https:\/\/api.w.org\/{rel}","templated":true}]}}